{"id":6962,"date":"2021-03-30T08:14:25","date_gmt":"2021-03-30T06:14:25","guid":{"rendered":"https:\/\/coupsdevents.com\/concours-international-dorchestration-cio\/"},"modified":"2021-06-21T09:38:41","modified_gmt":"2021-06-21T07:38:41","slug":"international-orchestration-competition-ioc","status":"publish","type":"page","link":"https:\/\/modest-mahavira.213-32-91-240.plesk.page\/en\/international-orchestration-competition-ioc\/","title":{"rendered":"International Orchestration Competition (IOC)"},"content":{"rendered":"<div class=\"wpb-content-wrapper\">[vc_row][vc_column][vc_column_text]<strong>The \u00ab International Orchestration Competition \u00bb (IOC) for Wind Orchestra has been created by Coups de Vents and F\u00e9d\u00e9ration R\u00e9gionale des Soci\u00e9t\u00e9s Musicales Haut-de-France.<br \/>\n<\/strong><\/p>\n<p style=\"text-align: center;\"><strong>Opening of the Call for applications 1st April 2021<br \/>\n<\/strong><\/p>\n<p style=\"text-align: center;\">Competion registration deadline: 1st July 2021<\/p>\n[\/vc_column_text][\/vc_column][\/vc_row][vc_row][vc_column][vc_toggle title=&#8221;English&#8221;]\n<p style=\"text-align: center;\"><a href=\"https:\/\/modest-mahavira.213-32-91-240.plesk.page\/wp-content\/uploads\/2021\/06\/appel-\u00e0-candidature-anglais-1.pdf\" class=\"pdfemb-viewer\" style=\"\" data-width=\"max\" data-height=\"max\" data-toolbar=\"bottom\" data-toolbar-fixed=\"off\">appel-\u00e0-candidature-anglais-1<\/a>\n<p style=\"text-align: center;\"><a href=\"https:\/\/modest-mahavira.213-32-91-240.plesk.page\/wp-content\/uploads\/2021\/06\/appel-\u00e0-candidature-anglais-1.pdf\">Upload the PDF<\/a><\/p>\n[\/vc_toggle][vc_toggle title=&#8221;French&#8221;]\n<p style=\"text-align: center;\"><a href=\"https:\/\/modest-mahavira.213-32-91-240.plesk.page\/wp-content\/uploads\/2021\/06\/appel-\u00e0-candidature.pdf\" class=\"pdfemb-viewer\" style=\"\" data-width=\"max\" data-height=\"max\" data-toolbar=\"bottom\" data-toolbar-fixed=\"off\">appel-\u00e0-candidature<\/a>\n<p style=\"text-align: center;\"><a href=\"https:\/\/modest-mahavira.213-32-91-240.plesk.page\/wp-content\/uploads\/2021\/06\/appel-\u00e0-candidature.pdf\">Upload the PDF<\/a><\/p>\n[\/vc_toggle][\/vc_column][\/vc_row]\n<\/div>","protected":false},"excerpt":{"rendered":"<p>[vc_row][vc_column][vc_column_text]The \u00ab International Orchestration Competition \u00bb (IOC) for Wind Orchestra has been created by Coups de Vents and F\u00e9d\u00e9ration R\u00e9gionale des Soci\u00e9t\u00e9s Musicales Haut-de-France. Opening of the Call for applications 1st April 2021 Competion registration deadline: 1st July 2021 [\/vc_column_text][\/vc_column][\/vc_row][vc_row][vc_column][vc_toggle title=&#8221;English&#8221;] Upload the PDF [\/vc_toggle][vc_toggle title=&#8221;French&#8221;] Upload the PDF [\/vc_toggle][\/vc_column][\/vc_row]<\/p>\n","protected":false},"author":1,"featured_media":0,"parent":0,"menu_order":0,"comment_status":"closed","ping_status":"closed","template":"","meta":{"_monsterinsights_skip_tracking":false,"_monsterinsights_sitenote_active":false,"_monsterinsights_sitenote_note":"","_monsterinsights_sitenote_category":0,"footnotes":""},"yoast_head":"<!-- This site is optimized with the Yoast SEO plugin v20.8 - https:\/\/yoast.com\/wordpress\/plugins\/seo\/ -->\n<title>International Orchestration Competition (IOC) - Coups de Vents<\/title>\n<meta name=\"robots\" content=\"index, follow, max-snippet:-1, max-image-preview:large, max-video-preview:-1\" \/>\n<link rel=\"canonical\" href=\"https:\/\/modest-mahavira.213-32-91-240.plesk.page\/en\/international-orchestration-competition-ioc\/\" \/>\n<meta property=\"og:locale\" content=\"en_US\" \/>\n<meta property=\"og:type\" content=\"article\" \/>\n<meta property=\"og:title\" content=\"International Orchestration Competition (IOC) - Coups de Vents\" \/>\n<meta property=\"og:description\" content=\"[vc_row][vc_column][vc_column_text]The \u00ab International Orchestration Competition \u00bb (IOC) for Wind Orchestra has been created by Coups de Vents and F\u00e9d\u00e9ration R\u00e9gionale des Soci\u00e9t\u00e9s Musicales Haut-de-France. Opening of the Call for applications 1st April 2021 Competion registration deadline: 1st July 2021 [\/vc_column_text][\/vc_column][\/vc_row][vc_row][vc_column][vc_toggle title=&#8221;English&#8221;] Upload the PDF [\/vc_toggle][vc_toggle title=&#8221;French&#8221;] Upload the PDF [\/vc_toggle][\/vc_column][\/vc_row]\" \/>\n<meta property=\"og:url\" content=\"https:\/\/modest-mahavira.213-32-91-240.plesk.page\/en\/international-orchestration-competition-ioc\/\" \/>\n<meta property=\"og:site_name\" content=\"Coups de Vents\" \/>\n<meta property=\"article:publisher\" content=\"https:\/\/www.facebook.com\/coupsdeventsmusique\" \/>\n<meta property=\"article:modified_time\" content=\"2021-06-21T07:38:41+00:00\" \/>\n<meta name=\"twitter:card\" content=\"summary_large_image\" \/>\n<meta name=\"twitter:site\" content=\"@CoupsdeVents\" \/>\n<meta name=\"twitter:label1\" content=\"Est. reading time\" \/>\n\t<meta name=\"twitter:data1\" content=\"1 minute\" \/>\n<script type=\"application\/ld+json\" class=\"yoast-schema-graph\">{\"@context\":\"https:\/\/schema.org\",\"@graph\":[{\"@type\":\"WebPage\",\"@id\":\"https:\/\/modest-mahavira.213-32-91-240.plesk.page\/en\/international-orchestration-competition-ioc\/\",\"url\":\"https:\/\/modest-mahavira.213-32-91-240.plesk.page\/en\/international-orchestration-competition-ioc\/\",\"name\":\"International Orchestration Competition (IOC) - Coups de Vents\",\"isPartOf\":{\"@id\":\"https:\/\/modest-mahavira.213-32-91-240.plesk.page\/#website\"},\"datePublished\":\"2021-03-30T06:14:25+00:00\",\"dateModified\":\"2021-06-21T07:38:41+00:00\",\"breadcrumb\":{\"@id\":\"https:\/\/modest-mahavira.213-32-91-240.plesk.page\/en\/international-orchestration-competition-ioc\/#breadcrumb\"},\"inLanguage\":\"en-US\",\"potentialAction\":[{\"@type\":\"ReadAction\",\"target\":[\"https:\/\/modest-mahavira.213-32-91-240.plesk.page\/en\/international-orchestration-competition-ioc\/\"]}]},{\"@type\":\"BreadcrumbList\",\"@id\":\"https:\/\/modest-mahavira.213-32-91-240.plesk.page\/en\/international-orchestration-competition-ioc\/#breadcrumb\",\"itemListElement\":[{\"@type\":\"ListItem\",\"position\":1,\"name\":\"Accueil\",\"item\":\"https:\/\/modest-mahavira.213-32-91-240.plesk.page\/en\/\"},{\"@type\":\"ListItem\",\"position\":2,\"name\":\"International Orchestration Competition (IOC)\"}]},{\"@type\":\"WebSite\",\"@id\":\"https:\/\/modest-mahavira.213-32-91-240.plesk.page\/#website\",\"url\":\"https:\/\/modest-mahavira.213-32-91-240.plesk.page\/\",\"name\":\"Coups de Vents\",\"description\":\"Coups de Vents, concours international de composition, orchestre \u00e0 vent, formation de chefs d&#039;orchestres \u00e0 vents\",\"publisher\":{\"@id\":\"https:\/\/modest-mahavira.213-32-91-240.plesk.page\/#organization\"},\"potentialAction\":[{\"@type\":\"SearchAction\",\"target\":{\"@type\":\"EntryPoint\",\"urlTemplate\":\"https:\/\/modest-mahavira.213-32-91-240.plesk.page\/?s={search_term_string}\"},\"query-input\":\"required name=search_term_string\"}],\"inLanguage\":\"en-US\"},{\"@type\":\"Organization\",\"@id\":\"https:\/\/modest-mahavira.213-32-91-240.plesk.page\/#organization\",\"name\":\"Coups de Vents\",\"url\":\"https:\/\/modest-mahavira.213-32-91-240.plesk.page\/\",\"logo\":{\"@type\":\"ImageObject\",\"inLanguage\":\"en-US\",\"@id\":\"https:\/\/modest-mahavira.213-32-91-240.plesk.page\/#\/schema\/logo\/image\/\",\"url\":\"https:\/\/modest-mahavira.213-32-91-240.plesk.page\/wp-content\/uploads\/2019\/03\/logo-CDV-petit.jpg\",\"contentUrl\":\"https:\/\/modest-mahavira.213-32-91-240.plesk.page\/wp-content\/uploads\/2019\/03\/logo-CDV-petit.jpg\",\"width\":370,\"height\":196,\"caption\":\"Coups de Vents\"},\"image\":{\"@id\":\"https:\/\/modest-mahavira.213-32-91-240.plesk.page\/#\/schema\/logo\/image\/\"},\"sameAs\":[\"https:\/\/www.facebook.com\/coupsdeventsmusique\",\"https:\/\/twitter.com\/CoupsdeVents\",\"https:\/\/fr.linkedin.com\/pub\/association-coups-de-vents\/91\/579\/502\",\"https:\/\/www.youtube.com\/channel\/UCR2HDeBfThOjAjEUH_pxmQw\"]}]}<\/script>\n<!-- \/ Yoast SEO plugin. -->","yoast_head_json":{"title":"International Orchestration Competition (IOC) - Coups de Vents","robots":{"index":"index","follow":"follow","max-snippet":"max-snippet:-1","max-image-preview":"max-image-preview:large","max-video-preview":"max-video-preview:-1"},"canonical":"https:\/\/modest-mahavira.213-32-91-240.plesk.page\/en\/international-orchestration-competition-ioc\/","og_locale":"en_US","og_type":"article","og_title":"International Orchestration Competition (IOC) - Coups de Vents","og_description":"[vc_row][vc_column][vc_column_text]The \u00ab International Orchestration Competition \u00bb (IOC) for Wind Orchestra has been created by Coups de Vents and F\u00e9d\u00e9ration R\u00e9gionale des Soci\u00e9t\u00e9s Musicales Haut-de-France. Opening of the Call for applications 1st April 2021 Competion registration deadline: 1st July 2021 [\/vc_column_text][\/vc_column][\/vc_row][vc_row][vc_column][vc_toggle title=&#8221;English&#8221;] Upload the PDF [\/vc_toggle][vc_toggle title=&#8221;French&#8221;] Upload the PDF [\/vc_toggle][\/vc_column][\/vc_row]","og_url":"https:\/\/modest-mahavira.213-32-91-240.plesk.page\/en\/international-orchestration-competition-ioc\/","og_site_name":"Coups de Vents","article_publisher":"https:\/\/www.facebook.com\/coupsdeventsmusique","article_modified_time":"2021-06-21T07:38:41+00:00","twitter_card":"summary_large_image","twitter_site":"@CoupsdeVents","twitter_misc":{"Est. reading time":"1 minute"},"schema":{"@context":"https:\/\/schema.org","@graph":[{"@type":"WebPage","@id":"https:\/\/modest-mahavira.213-32-91-240.plesk.page\/en\/international-orchestration-competition-ioc\/","url":"https:\/\/modest-mahavira.213-32-91-240.plesk.page\/en\/international-orchestration-competition-ioc\/","name":"International Orchestration Competition (IOC) - Coups de Vents","isPartOf":{"@id":"https:\/\/modest-mahavira.213-32-91-240.plesk.page\/#website"},"datePublished":"2021-03-30T06:14:25+00:00","dateModified":"2021-06-21T07:38:41+00:00","breadcrumb":{"@id":"https:\/\/modest-mahavira.213-32-91-240.plesk.page\/en\/international-orchestration-competition-ioc\/#breadcrumb"},"inLanguage":"en-US","potentialAction":[{"@type":"ReadAction","target":["https:\/\/modest-mahavira.213-32-91-240.plesk.page\/en\/international-orchestration-competition-ioc\/"]}]},{"@type":"BreadcrumbList","@id":"https:\/\/modest-mahavira.213-32-91-240.plesk.page\/en\/international-orchestration-competition-ioc\/#breadcrumb","itemListElement":[{"@type":"ListItem","position":1,"name":"Accueil","item":"https:\/\/modest-mahavira.213-32-91-240.plesk.page\/en\/"},{"@type":"ListItem","position":2,"name":"International Orchestration Competition (IOC)"}]},{"@type":"WebSite","@id":"https:\/\/modest-mahavira.213-32-91-240.plesk.page\/#website","url":"https:\/\/modest-mahavira.213-32-91-240.plesk.page\/","name":"Coups de Vents","description":"Coups de Vents, concours international de composition, orchestre \u00e0 vent, formation de chefs d&#039;orchestres \u00e0 vents","publisher":{"@id":"https:\/\/modest-mahavira.213-32-91-240.plesk.page\/#organization"},"potentialAction":[{"@type":"SearchAction","target":{"@type":"EntryPoint","urlTemplate":"https:\/\/modest-mahavira.213-32-91-240.plesk.page\/?s={search_term_string}"},"query-input":"required name=search_term_string"}],"inLanguage":"en-US"},{"@type":"Organization","@id":"https:\/\/modest-mahavira.213-32-91-240.plesk.page\/#organization","name":"Coups de Vents","url":"https:\/\/modest-mahavira.213-32-91-240.plesk.page\/","logo":{"@type":"ImageObject","inLanguage":"en-US","@id":"https:\/\/modest-mahavira.213-32-91-240.plesk.page\/#\/schema\/logo\/image\/","url":"https:\/\/modest-mahavira.213-32-91-240.plesk.page\/wp-content\/uploads\/2019\/03\/logo-CDV-petit.jpg","contentUrl":"https:\/\/modest-mahavira.213-32-91-240.plesk.page\/wp-content\/uploads\/2019\/03\/logo-CDV-petit.jpg","width":370,"height":196,"caption":"Coups de Vents"},"image":{"@id":"https:\/\/modest-mahavira.213-32-91-240.plesk.page\/#\/schema\/logo\/image\/"},"sameAs":["https:\/\/www.facebook.com\/coupsdeventsmusique","https:\/\/twitter.com\/CoupsdeVents","https:\/\/fr.linkedin.com\/pub\/association-coups-de-vents\/91\/579\/502","https:\/\/www.youtube.com\/channel\/UCR2HDeBfThOjAjEUH_pxmQw"]}]}},"_links":{"self":[{"href":"https:\/\/modest-mahavira.213-32-91-240.plesk.page\/en\/wp-json\/wp\/v2\/pages\/6962"}],"collection":[{"href":"https:\/\/modest-mahavira.213-32-91-240.plesk.page\/en\/wp-json\/wp\/v2\/pages"}],"about":[{"href":"https:\/\/modest-mahavira.213-32-91-240.plesk.page\/en\/wp-json\/wp\/v2\/types\/page"}],"author":[{"embeddable":true,"href":"https:\/\/modest-mahavira.213-32-91-240.plesk.page\/en\/wp-json\/wp\/v2\/users\/1"}],"replies":[{"embeddable":true,"href":"https:\/\/modest-mahavira.213-32-91-240.plesk.page\/en\/wp-json\/wp\/v2\/comments?post=6962"}],"version-history":[{"count":15,"href":"https:\/\/modest-mahavira.213-32-91-240.plesk.page\/en\/wp-json\/wp\/v2\/pages\/6962\/revisions"}],"predecessor-version":[{"id":7680,"href":"https:\/\/modest-mahavira.213-32-91-240.plesk.page\/en\/wp-json\/wp\/v2\/pages\/6962\/revisions\/7680"}],"wp:attachment":[{"href":"https:\/\/modest-mahavira.213-32-91-240.plesk.page\/en\/wp-json\/wp\/v2\/media?parent=6962"}],"curies":[{"name":"wp","href":"https:\/\/api.w.org\/{rel}","templated":true}]}}