{"id":5891,"date":"2019-03-31T10:43:35","date_gmt":"2019-03-31T08:43:35","guid":{"rendered":"https:\/\/coupsdevents.com\/concours-international-de-composition-palmares-et-selection\/"},"modified":"2019-08-18T13:59:28","modified_gmt":"2019-08-18T11:59:28","slug":"international-composition-competition-awards-and-selections","status":"publish","type":"page","link":"https:\/\/modest-mahavira.213-32-91-240.plesk.page\/en\/international-composition-competition-awards-and-selections\/","title":{"rendered":"International Composition Competition &#8211; Awards and Selections"},"content":{"rendered":"<div class=\"wpb-content-wrapper\">[vc_row][vc_column][vc_column_text]\n<h2>International Composition Competition &#8211; 6th edition, 2018 &#8211; Awards<\/h2>\n<p><em>Le ciel d\u00e9grad\u00e9 se dissout \u00e0 la surface de l\u2019eau,<\/em> Takashi Haga (Japon) &#8211; <strong>1er Prix<\/strong> et <strong>Prix du Public<\/strong><\/p>\n<p><em>Hanbando Bimujangjidae<\/em>, Beno\u00eet Dantin (France) &#8211; <strong>2\u00e8me Prix<\/strong><\/p>\n<p><em>Ce qu\u2019il nous enseigna<\/em>, Yasuhide Ito (Japon) &#8211; <strong>3\u00e8me Prix<\/strong><\/p>\n<p><em>Janus,<\/em> Mark Grandisson (Australie) &#8211; <strong>Mention sp\u00e9ciale du Jury<\/strong><\/p>\n<p><em>L\u2019Orizzonte degli Eventi<\/em>, Girolamo Deraco (Italie) &#8211; <strong>Demi-finalistes<\/strong><br \/>\n<em>Cycles<\/em>, Etienne Haan (France)<br \/>\n<em>Endless Peace,<\/em> Pierre-Etienne Sagnol (Suisse)<br \/>\n<em>Spem Pacis<\/em>, Jean-Pierre Pommier (France)<br \/>\n<em>Apeldoorn<\/em>, Nederland Robert Lemay (Canada)<br \/>\n<em>The Forest<\/em>, Hans Vercauteren (Belgique)<\/p>\n<p><em>A moment of Peace<\/em>, Andrey Chekalin (Russie) &#8211; <strong>Quart de finalistes<\/strong><br \/>\n<em>Sonore Ostinato,<\/em> Ivan Soshinsky (Russie)<br \/>\n<em>Toccata for the Peace,<\/em> Andersen Viana (Br\u00e9sil)<br \/>\n<em>Fears<\/em>, Ivan Gostev (Russie)<br \/>\n<em>Archaic,<\/em> Andrey Bogdanov (Russie)<br \/>\n<em>Peace Triumphant<\/em>, John Moody (Etats-Unis)<br \/>\n<em>Hoffmann\u2019s night,<\/em> Tatyana Astafyeva (Russie)<br \/>\n<em>Chemins de Paix<\/em>, Marcos Etcheverry (France)<br \/>\n<em>Un chemin vers Ahimsa,<\/em> Alain Blesing (France)<\/p>\n<p><img loading=\"lazy\" decoding=\"async\" class=\"size-medium wp-image-5339 aligncenter\" src=\"https:\/\/modest-mahavira.213-32-91-240.plesk.page\/wp-content\/uploads\/2019\/04\/6eme-CIC-300x265.jpg\" alt=\"6eme Concours International de Composition - Coups de Vents\" width=\"300\" height=\"265\" srcset=\"https:\/\/modest-mahavira.213-32-91-240.plesk.page\/wp-content\/uploads\/2019\/04\/6eme-CIC-300x265.jpg 300w, https:\/\/modest-mahavira.213-32-91-240.plesk.page\/wp-content\/uploads\/2019\/04\/6eme-CIC-768x678.jpg 768w, https:\/\/modest-mahavira.213-32-91-240.plesk.page\/wp-content\/uploads\/2019\/04\/6eme-CIC-600x530.jpg 600w, https:\/\/modest-mahavira.213-32-91-240.plesk.page\/wp-content\/uploads\/2019\/04\/6eme-CIC.jpg 800w\" sizes=\"(max-width: 300px) 100vw, 300px\" \/>[\/vc_column_text][\/vc_column][\/vc_row]\n<\/div>","protected":false},"excerpt":{"rendered":"<p>[vc_row][vc_column][vc_column_text] International Composition Competition &#8211; 6th edition, 2018 &#8211; Awards Le ciel d\u00e9grad\u00e9 se dissout \u00e0 la surface de l\u2019eau, Takashi Haga (Japon) &#8211; 1er Prix et Prix du Public Hanbando Bimujangjidae, Beno\u00eet Dantin (France) &#8211; 2\u00e8me Prix Ce qu\u2019il nous enseigna, Yasuhide Ito (Japon) &#8211; 3\u00e8me Prix Janus, Mark Grandisson (Australie) &#8211; Mention sp\u00e9ciale&hellip;<\/p>\n","protected":false},"author":1,"featured_media":0,"parent":0,"menu_order":0,"comment_status":"closed","ping_status":"closed","template":"","meta":{"_monsterinsights_skip_tracking":false,"_monsterinsights_sitenote_active":false,"_monsterinsights_sitenote_note":"","_monsterinsights_sitenote_category":0,"footnotes":""},"yoast_head":"<!-- This site is optimized with the Yoast SEO plugin v20.8 - https:\/\/yoast.com\/wordpress\/plugins\/seo\/ -->\n<title>International Composition Competition - Awards and Selections - Coups de Vents<\/title>\n<meta name=\"robots\" content=\"index, follow, max-snippet:-1, max-image-preview:large, max-video-preview:-1\" \/>\n<link rel=\"canonical\" href=\"https:\/\/modest-mahavira.213-32-91-240.plesk.page\/en\/international-composition-competition-awards-and-selections\/\" \/>\n<meta property=\"og:locale\" content=\"en_US\" \/>\n<meta property=\"og:type\" content=\"article\" \/>\n<meta property=\"og:title\" content=\"International Composition Competition - Awards and Selections - Coups de Vents\" \/>\n<meta property=\"og:description\" content=\"[vc_row][vc_column][vc_column_text] International Composition Competition &#8211; 6th edition, 2018 &#8211; Awards Le ciel d\u00e9grad\u00e9 se dissout \u00e0 la surface de l\u2019eau, Takashi Haga (Japon) &#8211; 1er Prix et Prix du Public Hanbando Bimujangjidae, Beno\u00eet Dantin (France) &#8211; 2\u00e8me Prix Ce qu\u2019il nous enseigna, Yasuhide Ito (Japon) &#8211; 3\u00e8me Prix Janus, Mark Grandisson (Australie) &#8211; Mention sp\u00e9ciale&hellip;\" \/>\n<meta property=\"og:url\" content=\"https:\/\/modest-mahavira.213-32-91-240.plesk.page\/en\/international-composition-competition-awards-and-selections\/\" \/>\n<meta property=\"og:site_name\" content=\"Coups de Vents\" \/>\n<meta property=\"article:publisher\" content=\"https:\/\/www.facebook.com\/coupsdeventsmusique\" \/>\n<meta property=\"article:modified_time\" content=\"2019-08-18T11:59:28+00:00\" \/>\n<meta property=\"og:image\" content=\"https:\/\/modest-mahavira.213-32-91-240.plesk.page\/wp-content\/uploads\/2019\/04\/6eme-CIC-300x265.jpg\" \/>\n<meta name=\"twitter:card\" content=\"summary_large_image\" \/>\n<meta name=\"twitter:site\" content=\"@CoupsdeVents\" \/>\n<meta name=\"twitter:label1\" content=\"Est. reading time\" \/>\n\t<meta name=\"twitter:data1\" content=\"1 minute\" \/>\n<script type=\"application\/ld+json\" class=\"yoast-schema-graph\">{\"@context\":\"https:\/\/schema.org\",\"@graph\":[{\"@type\":\"WebPage\",\"@id\":\"https:\/\/modest-mahavira.213-32-91-240.plesk.page\/en\/international-composition-competition-awards-and-selections\/\",\"url\":\"https:\/\/modest-mahavira.213-32-91-240.plesk.page\/en\/international-composition-competition-awards-and-selections\/\",\"name\":\"International Composition Competition - Awards and Selections - Coups de Vents\",\"isPartOf\":{\"@id\":\"https:\/\/modest-mahavira.213-32-91-240.plesk.page\/#website\"},\"datePublished\":\"2019-03-31T08:43:35+00:00\",\"dateModified\":\"2019-08-18T11:59:28+00:00\",\"breadcrumb\":{\"@id\":\"https:\/\/modest-mahavira.213-32-91-240.plesk.page\/en\/international-composition-competition-awards-and-selections\/#breadcrumb\"},\"inLanguage\":\"en-US\",\"potentialAction\":[{\"@type\":\"ReadAction\",\"target\":[\"https:\/\/modest-mahavira.213-32-91-240.plesk.page\/en\/international-composition-competition-awards-and-selections\/\"]}]},{\"@type\":\"BreadcrumbList\",\"@id\":\"https:\/\/modest-mahavira.213-32-91-240.plesk.page\/en\/international-composition-competition-awards-and-selections\/#breadcrumb\",\"itemListElement\":[{\"@type\":\"ListItem\",\"position\":1,\"name\":\"Accueil\",\"item\":\"https:\/\/modest-mahavira.213-32-91-240.plesk.page\/en\/\"},{\"@type\":\"ListItem\",\"position\":2,\"name\":\"International Composition Competition &#8211; Awards and Selections\"}]},{\"@type\":\"WebSite\",\"@id\":\"https:\/\/modest-mahavira.213-32-91-240.plesk.page\/#website\",\"url\":\"https:\/\/modest-mahavira.213-32-91-240.plesk.page\/\",\"name\":\"Coups de Vents\",\"description\":\"Coups de Vents, concours international de composition, orchestre \u00e0 vent, formation de chefs d&#039;orchestres \u00e0 vents\",\"publisher\":{\"@id\":\"https:\/\/modest-mahavira.213-32-91-240.plesk.page\/#organization\"},\"potentialAction\":[{\"@type\":\"SearchAction\",\"target\":{\"@type\":\"EntryPoint\",\"urlTemplate\":\"https:\/\/modest-mahavira.213-32-91-240.plesk.page\/?s={search_term_string}\"},\"query-input\":\"required name=search_term_string\"}],\"inLanguage\":\"en-US\"},{\"@type\":\"Organization\",\"@id\":\"https:\/\/modest-mahavira.213-32-91-240.plesk.page\/#organization\",\"name\":\"Coups de Vents\",\"url\":\"https:\/\/modest-mahavira.213-32-91-240.plesk.page\/\",\"logo\":{\"@type\":\"ImageObject\",\"inLanguage\":\"en-US\",\"@id\":\"https:\/\/modest-mahavira.213-32-91-240.plesk.page\/#\/schema\/logo\/image\/\",\"url\":\"https:\/\/modest-mahavira.213-32-91-240.plesk.page\/wp-content\/uploads\/2019\/03\/logo-CDV-petit.jpg\",\"contentUrl\":\"https:\/\/modest-mahavira.213-32-91-240.plesk.page\/wp-content\/uploads\/2019\/03\/logo-CDV-petit.jpg\",\"width\":370,\"height\":196,\"caption\":\"Coups de Vents\"},\"image\":{\"@id\":\"https:\/\/modest-mahavira.213-32-91-240.plesk.page\/#\/schema\/logo\/image\/\"},\"sameAs\":[\"https:\/\/www.facebook.com\/coupsdeventsmusique\",\"https:\/\/twitter.com\/CoupsdeVents\",\"https:\/\/fr.linkedin.com\/pub\/association-coups-de-vents\/91\/579\/502\",\"https:\/\/www.youtube.com\/channel\/UCR2HDeBfThOjAjEUH_pxmQw\"]}]}<\/script>\n<!-- \/ Yoast SEO plugin. -->","yoast_head_json":{"title":"International Composition Competition - Awards and Selections - Coups de Vents","robots":{"index":"index","follow":"follow","max-snippet":"max-snippet:-1","max-image-preview":"max-image-preview:large","max-video-preview":"max-video-preview:-1"},"canonical":"https:\/\/modest-mahavira.213-32-91-240.plesk.page\/en\/international-composition-competition-awards-and-selections\/","og_locale":"en_US","og_type":"article","og_title":"International Composition Competition - Awards and Selections - Coups de Vents","og_description":"[vc_row][vc_column][vc_column_text] International Composition Competition &#8211; 6th edition, 2018 &#8211; Awards Le ciel d\u00e9grad\u00e9 se dissout \u00e0 la surface de l\u2019eau, Takashi Haga (Japon) &#8211; 1er Prix et Prix du Public Hanbando Bimujangjidae, Beno\u00eet Dantin (France) &#8211; 2\u00e8me Prix Ce qu\u2019il nous enseigna, Yasuhide Ito (Japon) &#8211; 3\u00e8me Prix Janus, Mark Grandisson (Australie) &#8211; Mention sp\u00e9ciale&hellip;","og_url":"https:\/\/modest-mahavira.213-32-91-240.plesk.page\/en\/international-composition-competition-awards-and-selections\/","og_site_name":"Coups de Vents","article_publisher":"https:\/\/www.facebook.com\/coupsdeventsmusique","article_modified_time":"2019-08-18T11:59:28+00:00","og_image":[{"url":"https:\/\/modest-mahavira.213-32-91-240.plesk.page\/wp-content\/uploads\/2019\/04\/6eme-CIC-300x265.jpg"}],"twitter_card":"summary_large_image","twitter_site":"@CoupsdeVents","twitter_misc":{"Est. reading time":"1 minute"},"schema":{"@context":"https:\/\/schema.org","@graph":[{"@type":"WebPage","@id":"https:\/\/modest-mahavira.213-32-91-240.plesk.page\/en\/international-composition-competition-awards-and-selections\/","url":"https:\/\/modest-mahavira.213-32-91-240.plesk.page\/en\/international-composition-competition-awards-and-selections\/","name":"International Composition Competition - Awards and Selections - Coups de Vents","isPartOf":{"@id":"https:\/\/modest-mahavira.213-32-91-240.plesk.page\/#website"},"datePublished":"2019-03-31T08:43:35+00:00","dateModified":"2019-08-18T11:59:28+00:00","breadcrumb":{"@id":"https:\/\/modest-mahavira.213-32-91-240.plesk.page\/en\/international-composition-competition-awards-and-selections\/#breadcrumb"},"inLanguage":"en-US","potentialAction":[{"@type":"ReadAction","target":["https:\/\/modest-mahavira.213-32-91-240.plesk.page\/en\/international-composition-competition-awards-and-selections\/"]}]},{"@type":"BreadcrumbList","@id":"https:\/\/modest-mahavira.213-32-91-240.plesk.page\/en\/international-composition-competition-awards-and-selections\/#breadcrumb","itemListElement":[{"@type":"ListItem","position":1,"name":"Accueil","item":"https:\/\/modest-mahavira.213-32-91-240.plesk.page\/en\/"},{"@type":"ListItem","position":2,"name":"International Composition Competition &#8211; Awards and Selections"}]},{"@type":"WebSite","@id":"https:\/\/modest-mahavira.213-32-91-240.plesk.page\/#website","url":"https:\/\/modest-mahavira.213-32-91-240.plesk.page\/","name":"Coups de Vents","description":"Coups de Vents, concours international de composition, orchestre \u00e0 vent, formation de chefs d&#039;orchestres \u00e0 vents","publisher":{"@id":"https:\/\/modest-mahavira.213-32-91-240.plesk.page\/#organization"},"potentialAction":[{"@type":"SearchAction","target":{"@type":"EntryPoint","urlTemplate":"https:\/\/modest-mahavira.213-32-91-240.plesk.page\/?s={search_term_string}"},"query-input":"required name=search_term_string"}],"inLanguage":"en-US"},{"@type":"Organization","@id":"https:\/\/modest-mahavira.213-32-91-240.plesk.page\/#organization","name":"Coups de Vents","url":"https:\/\/modest-mahavira.213-32-91-240.plesk.page\/","logo":{"@type":"ImageObject","inLanguage":"en-US","@id":"https:\/\/modest-mahavira.213-32-91-240.plesk.page\/#\/schema\/logo\/image\/","url":"https:\/\/modest-mahavira.213-32-91-240.plesk.page\/wp-content\/uploads\/2019\/03\/logo-CDV-petit.jpg","contentUrl":"https:\/\/modest-mahavira.213-32-91-240.plesk.page\/wp-content\/uploads\/2019\/03\/logo-CDV-petit.jpg","width":370,"height":196,"caption":"Coups de Vents"},"image":{"@id":"https:\/\/modest-mahavira.213-32-91-240.plesk.page\/#\/schema\/logo\/image\/"},"sameAs":["https:\/\/www.facebook.com\/coupsdeventsmusique","https:\/\/twitter.com\/CoupsdeVents","https:\/\/fr.linkedin.com\/pub\/association-coups-de-vents\/91\/579\/502","https:\/\/www.youtube.com\/channel\/UCR2HDeBfThOjAjEUH_pxmQw"]}]}},"_links":{"self":[{"href":"https:\/\/modest-mahavira.213-32-91-240.plesk.page\/en\/wp-json\/wp\/v2\/pages\/5891"}],"collection":[{"href":"https:\/\/modest-mahavira.213-32-91-240.plesk.page\/en\/wp-json\/wp\/v2\/pages"}],"about":[{"href":"https:\/\/modest-mahavira.213-32-91-240.plesk.page\/en\/wp-json\/wp\/v2\/types\/page"}],"author":[{"embeddable":true,"href":"https:\/\/modest-mahavira.213-32-91-240.plesk.page\/en\/wp-json\/wp\/v2\/users\/1"}],"replies":[{"embeddable":true,"href":"https:\/\/modest-mahavira.213-32-91-240.plesk.page\/en\/wp-json\/wp\/v2\/comments?post=5891"}],"version-history":[{"count":2,"href":"https:\/\/modest-mahavira.213-32-91-240.plesk.page\/en\/wp-json\/wp\/v2\/pages\/5891\/revisions"}],"predecessor-version":[{"id":5893,"href":"https:\/\/modest-mahavira.213-32-91-240.plesk.page\/en\/wp-json\/wp\/v2\/pages\/5891\/revisions\/5893"}],"wp:attachment":[{"href":"https:\/\/modest-mahavira.213-32-91-240.plesk.page\/en\/wp-json\/wp\/v2\/media?parent=5891"}],"curies":[{"name":"wp","href":"https:\/\/api.w.org\/{rel}","templated":true}]}}